{"id":10,"date":"2025-11-18T02:06:12","date_gmt":"2025-11-18T05:06:12","guid":{"rendered":"https:\/\/h3web.com.br\/videos\/loja-virtual\/?page_id=10"},"modified":"2025-11-19T02:27:02","modified_gmt":"2025-11-19T05:27:02","slug":"home","status":"publish","type":"page","link":"https:\/\/h3web.com.br\/videos\/hmail\/","title":{"rendered":"Home"},"content":{"rendered":"\t\t<div data-elementor-type=\"wp-page\" data-elementor-id=\"10\" class=\"elementor elementor-10\" data-elementor-post-type=\"page\">\n\t\t\t\t<div class=\"elementor-element elementor-element-1aa45a5 e-flex e-con-boxed e-con e-parent\" data-id=\"1aa45a5\" data-element_type=\"container\" data-e-type=\"container\">\n\t\t\t\t\t<div class=\"e-con-inner\">\n\t\t\t\t<div class=\"elementor-element elementor-element-2571fd9 elementor-widget elementor-widget-image\" data-id=\"2571fd9\" data-element_type=\"widget\" data-e-type=\"widget\" data-widget_type=\"image.default\">\n\t\t\t\t\t\t\t\t\t\t\t\t\t\t\t\t<a href=\"https:\/\/h3web.com.br\/videos\/hmail\/home\/\">\n\t\t\t\t\t\t\t<img decoding=\"async\" src=\"https:\/\/h3web.com.br\/logo_h3.png\" title=\"\" alt=\"\" loading=\"lazy\" \/>\t\t\t\t\t\t\t\t<\/a>\n\t\t\t\t\t\t\t\t\t\t\t\t\t\t\t<\/div>\n\t\t\t\t<div class=\"elementor-element elementor-element-9f9dec8 elementor-widget elementor-widget-heading\" data-id=\"9f9dec8\" data-element_type=\"widget\" data-e-type=\"widget\" data-widget_type=\"heading.default\">\n\t\t\t\t\t<h2 class=\"elementor-heading-title elementor-size-default\">V\u00eddeos HMail<\/h2>\t\t\t\t<\/div>\n\t\t\t\t<div class=\"elementor-element elementor-element-931c16d elementor-widget elementor-widget-heading\" data-id=\"931c16d\" data-element_type=\"widget\" data-e-type=\"widget\" data-widget_type=\"heading.default\">\n\t\t\t\t\t<h2 class=\"elementor-heading-title elementor-size-default\">Aqui voc\u00ea encontra v\u00eddeos para aproveitar ao m\u00e1ximo os recursos o seu provedor de e-mails.\n<\/h2>\t\t\t\t<\/div>\n\t\t\t\t<div class=\"elementor-element elementor-element-61bd35c elementor-widget__width-initial elementor-widget-mobile__width-inherit elementor-widget elementor-widget-heading\" data-id=\"61bd35c\" data-element_type=\"widget\" data-e-type=\"widget\" data-widget_type=\"heading.default\">\n\t\t\t\t\t<h2 class=\"elementor-heading-title elementor-size-default\"><strong>Aviso:<\/strong> para uma melhor experi\u00eancia assista os v\u00eddeos sempre em tela cheia.\n<\/h2>\t\t\t\t<\/div>\n\t\t\t\t\t<\/div>\n\t\t\t\t<\/div>\n\t\t<div class=\"elementor-element elementor-element-b339241 e-flex e-con-boxed e-con e-parent\" data-id=\"b339241\" data-element_type=\"container\" data-e-type=\"container\">\n\t\t\t\t\t<div class=\"e-con-inner\">\n\t\t<div class=\"elementor-element elementor-element-a64e84c e-grid e-con-full e-con e-child\" data-id=\"a64e84c\" data-element_type=\"container\" data-e-type=\"container\">\n\t\t\t\t<div class=\"elementor-element elementor-element-b9ef461 elementor-widget elementor-widget-html\" data-id=\"b9ef461\" data-element_type=\"widget\" data-e-type=\"widget\" data-widget_type=\"html.default\">\n\t\t\t\t\t<video id=\"player1\" playsinline controls\r\n  poster=\"https:\/\/h3web.com.br\/videos\/hmail\/imagens\/criando-contas-de-emails.png?v=1.0\"\r\n  controlslist=\"nodownload noplaybackrate noremoteplayback\"\r\n  disablepictureinpicture\r\n  style=\"\r\n    width: 100%;\r\n    max-width: 800px;\r\n    aspect-ratio: 16 \/ 9;\r\n    border-radius: 30px !important;\r\n    display: block;\r\n    object-fit: cover;\r\n\">\r\n  <source src=\"https:\/\/h3web.com.br\/videos\/hmail\/videos\/criar-contas-de-emails.mp4\" type=\"video\/mp4\" \/>\r\n<\/video>\r\n\r\n<!-- Plyr CSS -->\r\n<link rel=\"stylesheet\" href=\"https:\/\/cdn.plyr.io\/3.7.8\/plyr.css\" \/>\r\n\r\n<!-- Plyr JS -->\r\n<script src=\"https:\/\/cdn.plyr.io\/3.7.8\/plyr.polyfilled.js\"><\/script>\r\n\r\n<style>\r\n  .plyr {\r\n    border-radius: 30px !important;\r\n    overflow: hidden !important;\r\n  }\r\n\r\n  .plyr__controls {\r\n    border-radius: 0 0 30px 30px !important;\r\n  }\r\n\r\n  \/* REMOVER SPEED *\/\r\n  .plyr__control[data-plyr=\"settings\"],\r\n  .plyr__menu {\r\n    display: none !important;\r\n  }\r\n\r\n  \/* REMOVER PICTURE-IN-PICTURE *\/\r\n  .plyr__control[data-plyr=\"pip\"] {\r\n    display: none !important;\r\n  }\r\n\r\n  \/* REMOVER DOWNLOAD *\/\r\n  .plyr__control[data-plyr=\"download\"] {\r\n    display: none !important;\r\n  }\r\n<\/style>\r\n\r\n<script>\r\n  \/\/ Inicializa Plyr no v\u00eddeo\r\n  const player = new Plyr('#player', {\r\n    ratio: '16:9',\r\n    controls: [\r\n      'play-large',\r\n      'play',\r\n      'progress',\r\n      'current-time',\r\n      'mute',\r\n      'volume',\r\n      'fullscreen'\r\n    ],\r\n    settings: [] \/\/ remove speed do menu\r\n  });\r\n\r\n  \/\/ Bloqueia bot\u00e3o direito\r\n  document.querySelector('#player').addEventListener('contextmenu', e => e.preventDefault());\r\n<\/script>\r\n\t\t\t\t<\/div>\n\t\t\t\t<div class=\"elementor-element elementor-element-534b87f elementor-widget elementor-widget-html\" data-id=\"534b87f\" data-element_type=\"widget\" data-e-type=\"widget\" data-widget_type=\"html.default\">\n\t\t\t\t\t<video id=\"player\" playsinline controls\r\n  poster=\"https:\/\/h3web.com.br\/videos\/hmail\/imagens\/acessando-o-hmail.png?v=1.0\"\r\n  controlslist=\"nodownload noplaybackrate noremoteplayback\"\r\n  disablepictureinpicture\r\n  style=\"\r\n    width: 100%;\r\n    max-width: 800px;\r\n    aspect-ratio: 16 \/ 9;\r\n    border-radius: 30px !important;\r\n    display: block;\r\n    object-fit: cover;\r\n\">\r\n  <source src=\"https:\/\/h3web.com.br\/videos\/hmail\/videos\/acessando-o-hmail.mp4\" type=\"video\/mp4\" \/>\r\n<\/video>\r\n\r\n<!-- Plyr CSS -->\r\n<link rel=\"stylesheet\" href=\"https:\/\/cdn.plyr.io\/3.7.8\/plyr.css\" \/>\r\n\r\n<!-- Plyr JS -->\r\n<script src=\"https:\/\/cdn.plyr.io\/3.7.8\/plyr.polyfilled.js\"><\/script>\r\n\r\n<style>\r\n  .plyr {\r\n    border-radius: 30px !important;\r\n    overflow: hidden !important;\r\n  }\r\n\r\n  .plyr__controls {\r\n    border-radius: 0 0 30px 30px !important;\r\n  }\r\n\r\n  \/* REMOVER SPEED *\/\r\n  .plyr__control[data-plyr=\"settings\"],\r\n  .plyr__menu {\r\n    display: none !important;\r\n  }\r\n\r\n  \/* REMOVER PICTURE-IN-PICTURE *\/\r\n  .plyr__control[data-plyr=\"pip\"] {\r\n    display: none !important;\r\n  }\r\n\r\n  \/* REMOVER DOWNLOAD *\/\r\n  .plyr__control[data-plyr=\"download\"] {\r\n    display: none !important;\r\n  }\r\n<\/style>\r\n\r\n<script>\r\n  \/\/ Inicializa Plyr no v\u00eddeo\r\n  const player = new Plyr('#player', {\r\n    ratio: '16:9',\r\n    controls: [\r\n      'play-large',\r\n      'play',\r\n      'progress',\r\n      'current-time',\r\n      'mute',\r\n      'volume',\r\n      'fullscreen'\r\n    ],\r\n    settings: [] \/\/ remove speed do menu\r\n  });\r\n\r\n  \/\/ Bloqueia bot\u00e3o direito\r\n  document.querySelector('#player').addEventListener('contextmenu', e => e.preventDefault());\r\n<\/script>\r\n\t\t\t\t<\/div>\n\t\t\t\t<div class=\"elementor-element elementor-element-49dc331 elementor-widget elementor-widget-html\" data-id=\"49dc331\" data-element_type=\"widget\" data-e-type=\"widget\" data-widget_type=\"html.default\">\n\t\t\t\t\t<video id=\"player\" playsinline controls\r\n  poster=\"https:\/\/h3web.com.br\/videos\/hmail\/imagens\/alterando-senha-de-email.png?v=1.0\"\r\n  controlslist=\"nodownload noplaybackrate noremoteplayback\"\r\n  disablepictureinpicture\r\n  style=\"\r\n    width: 100%;\r\n    max-width: 800px;\r\n    aspect-ratio: 16 \/ 9;\r\n    border-radius: 30px !important;\r\n    display: block;\r\n    object-fit: cover;\r\n\">\r\n  <source src=\"https:\/\/h3web.com.br\/videos\/hmail\/videos\/alterando-senha-do-email.mp4\" type=\"video\/mp4\" \/>\r\n<\/video>\r\n\r\n<!-- Plyr CSS -->\r\n<link rel=\"stylesheet\" href=\"https:\/\/cdn.plyr.io\/3.7.8\/plyr.css\" \/>\r\n\r\n<!-- Plyr JS -->\r\n<script src=\"https:\/\/cdn.plyr.io\/3.7.8\/plyr.polyfilled.js\"><\/script>\r\n\r\n<style>\r\n  .plyr {\r\n    border-radius: 30px !important;\r\n    overflow: hidden !important;\r\n  }\r\n\r\n  .plyr__controls {\r\n    border-radius: 0 0 30px 30px !important;\r\n  }\r\n\r\n  \/* REMOVER SPEED *\/\r\n  .plyr__control[data-plyr=\"settings\"],\r\n  .plyr__menu {\r\n    display: none !important;\r\n  }\r\n\r\n  \/* REMOVER PICTURE-IN-PICTURE *\/\r\n  .plyr__control[data-plyr=\"pip\"] {\r\n    display: none !important;\r\n  }\r\n\r\n  \/* REMOVER DOWNLOAD *\/\r\n  .plyr__control[data-plyr=\"download\"] {\r\n    display: none !important;\r\n  }\r\n<\/style>\r\n\r\n<script>\r\n  \/\/ Inicializa Plyr no v\u00eddeo\r\n  const player = new Plyr('#player', {\r\n    ratio: '16:9',\r\n    controls: [\r\n      'play-large',\r\n      'play',\r\n      'progress',\r\n      'current-time',\r\n      'mute',\r\n      'volume',\r\n      'fullscreen'\r\n    ],\r\n    settings: [] \/\/ remove speed do menu\r\n  });\r\n\r\n  \/\/ Bloqueia bot\u00e3o direito\r\n  document.querySelector('#player').addEventListener('contextmenu', e => e.preventDefault());\r\n<\/script>\r\n\t\t\t\t<\/div>\n\t\t\t\t<\/div>\n\t\t\t\t\t<\/div>\n\t\t\t\t<\/div>\n\t\t<div class=\"elementor-element elementor-element-7798106 e-flex e-con-boxed e-con e-parent\" data-id=\"7798106\" data-element_type=\"container\" data-e-type=\"container\" data-settings=\"{&quot;background_background&quot;:&quot;classic&quot;}\">\n\t\t\t\t\t<div class=\"e-con-inner\">\n\t\t\t\t<div class=\"elementor-element elementor-element-8fc1a3f elementor-widget elementor-widget-html\" data-id=\"8fc1a3f\" data-element_type=\"widget\" data-e-type=\"widget\" data-widget_type=\"html.default\">\n\t\t\t\t\t<link href=\"https:\/\/fonts.googleapis.com\/css2?family=Poppins:wght@400&display=swap\" rel=\"stylesheet\">\r\n\r\n<p style=\"\r\n    font-family: 'Poppins', sans-serif;\r\n    font-size: 15px;\r\n    font-weight: 400;\r\n    color: #ffffff;\r\n    margin: 0;\r\n\">\r\n    \u00a9 <span id=\"ano-atual\"><\/span> H3 Web - Todos os direitos reservados.\r\n<\/p>\r\n\r\n<script>\r\n  document.getElementById('ano-atual').textContent = new Date().getFullYear();\r\n<\/script>\r\n\t\t\t\t<\/div>\n\t\t\t\t\t<\/div>\n\t\t\t\t<\/div>\n\t\t\t\t<\/div>\n\t\t","protected":false},"excerpt":{"rendered":"<p>V\u00eddeos HMail Aqui voc\u00ea encontra v\u00eddeos para aproveitar ao m\u00e1ximo os recursos o seu provedor de e-mails. Aviso: para uma melhor experi\u00eancia assista os v\u00eddeos sempre em tela cheia. \u00a9 H3 Web &#8211; Todos os direitos reservados.<\/p>\n","protected":false},"author":1,"featured_media":0,"parent":0,"menu_order":0,"comment_status":"closed","ping_status":"closed","template":"elementor_canvas","meta":{"footnotes":""},"class_list":["post-10","page","type-page","status-publish","hentry"],"_links":{"self":[{"href":"https:\/\/h3web.com.br\/videos\/hmail\/wp-json\/wp\/v2\/pages\/10","targetHints":{"allow":["GET"]}}],"collection":[{"href":"https:\/\/h3web.com.br\/videos\/hmail\/wp-json\/wp\/v2\/pages"}],"about":[{"href":"https:\/\/h3web.com.br\/videos\/hmail\/wp-json\/wp\/v2\/types\/page"}],"author":[{"embeddable":true,"href":"https:\/\/h3web.com.br\/videos\/hmail\/wp-json\/wp\/v2\/users\/1"}],"replies":[{"embeddable":true,"href":"https:\/\/h3web.com.br\/videos\/hmail\/wp-json\/wp\/v2\/comments?post=10"}],"version-history":[{"count":172,"href":"https:\/\/h3web.com.br\/videos\/hmail\/wp-json\/wp\/v2\/pages\/10\/revisions"}],"predecessor-version":[{"id":187,"href":"https:\/\/h3web.com.br\/videos\/hmail\/wp-json\/wp\/v2\/pages\/10\/revisions\/187"}],"wp:attachment":[{"href":"https:\/\/h3web.com.br\/videos\/hmail\/wp-json\/wp\/v2\/media?parent=10"}],"curies":[{"name":"wp","href":"https:\/\/api.w.org\/{rel}","templated":true}]}}